{"id":7,"date":"2020-05-14T16:58:04","date_gmt":"2020-05-14T16:58:04","guid":{"rendered":"https:\/\/demo.creativethemes.com\/blocksy\/app\/?page_id=7"},"modified":"2023-08-28T19:50:28","modified_gmt":"2023-08-28T17:50:28","slug":"home","status":"publish","type":"page","link":"https:\/\/www.logop\u00e4die-schaur.at\/","title":{"rendered":"Logop\u00e4die Schaur"},"content":{"rendered":"\n<div id=\"Header\" class=\"wp-block-getwid-section alignfull getwid-margin-top-none getwid-margin-bottom-none\"><div class=\"wp-block-getwid-section__wrapper getwid-margin-left-none getwid-margin-right-none\" style=\"padding-top:200px;padding-bottom:50px\"><div class=\"wp-block-getwid-section__inner-wrapper\"><div class=\"wp-block-getwid-section__background-holder\"><div class=\"wp-block-getwid-section__background\" style=\"background-image:url('https:\/\/www.logop\u00e4die-schaur.at\/wp-content\/uploads\/2020\/08\/students-education.jpg')\"><div class=\"wp-block-getwid-section__background-image-wrapper\"><img class=\"wp-block-getwid-section__background-image\" src=\"https:\/\/www.logop\u00e4die-schaur.at\/wp-content\/uploads\/2020\/08\/students-education.jpg\" alt=\"\"\/><\/div><\/div><div class=\"wp-block-getwid-section__foreground\" style=\"opacity:0.8;background-color:var(--paletteColor1)\"><\/div><\/div><div class=\"wp-block-getwid-section__content\"><div class=\"wp-block-getwid-section__inner-content\">\n<div class=\"wp-block-columns\">\n<div class=\"wp-block-column is-vertically-aligned-center\" style=\"flex-basis:55%\">\n<div class=\"wp-block-getwid-advanced-heading has-custom-font-size fs-tablet-80 fs-mobile-70\" style=\"font-size:70px\"><h2 class=\"wp-block-getwid-advanced-heading__content has-text-color has-palette-color-5-color\" style=\"line-height:1.2em\"><strong>Logop\u00e4die Schaur<\/strong> <\/h2><\/div>\n\n\n\n<div class=\"wp-block-getwid-advanced-spacer\" style=\"height:20px\" aria-hidden=\"true\"><\/div>\n\n\n\n<p class=\"has-palette-color-5-color has-text-color has-normal-font-size\">Ich behandle Sprach-, Sprech-, Stimm- und Schluckst\u00f6rungen <br>im Erwachsenenalter sowie fr\u00fchkindliche Schluckst\u00f6rungen.<\/p>\n\n\n\n<p>Als Wahllogop\u00e4din biete ich die Therapie in meinem Praxisraum im <a href=\"https:\/\/koerperschwung.at\" target=\"_blank\" rel=\"noopener noreferrer\"><span class=\"has-inline-color has-palette-color-3-color\"><strong>Therapiezentrum K\u00f6rperschwung<\/strong><\/span><\/a><span class=\"has-inline-color has-palette-color-3-color\"> <\/span>sowie als Hausbesuch an.<\/p>\n\n\n\n<div class=\"wp-block-getwid-button-group\"><div class=\"wp-block-getwid-button-group__wrapper has-spacing-small\">\n<div class=\"wp-block-button\"><a class=\"wp-block-button__link has-background\" href=\"#About\" style=\"background-color:#323b43\" rel=\"#About\">Mehr&nbsp;erfahren<\/a><\/div>\n\n\n\n<div class=\"wp-block-button is-style-fill\"><a class=\"wp-block-button__link has-background\" href=\"https:\/\/koerperschwung.at\/terminbuchung\/\" style=\"background-color:#323b43\" target=\"_blank\" rel=\"noreferrer noopener\">online Terminbuchung K\u00f6rperschwung<\/a><\/div>\n<\/div><\/div>\n<\/div>\n\n\n\n<div class=\"wp-block-column\" style=\"flex-basis:35%\">\n<div class=\"wp-block-image is-style-rounded\"><figure class=\"alignright size-large\"><img loading=\"lazy\" width=\"1024\" height=\"1024\" src=\"https:\/\/www.logop\u00e4die-schaur.at\/wp-content\/uploads\/2020\/08\/profilbild-theresa-schaur.jpg\" alt=\"\" class=\"wp-image-204\" srcset=\"https:\/\/www.logop\u00e4die-schaur.at\/wp-content\/uploads\/2020\/08\/profilbild-theresa-schaur.jpg 1024w, https:\/\/www.logop\u00e4die-schaur.at\/wp-content\/uploads\/2020\/08\/profilbild-theresa-schaur-300x300.jpg 300w, https:\/\/www.logop\u00e4die-schaur.at\/wp-content\/uploads\/2020\/08\/profilbild-theresa-schaur-150x150.jpg 150w, https:\/\/www.logop\u00e4die-schaur.at\/wp-content\/uploads\/2020\/08\/profilbild-theresa-schaur-768x768.jpg 768w\" sizes=\"(max-width: 1024px) 100vw, 1024px\" \/><\/figure><\/div>\n<\/div>\n<\/div>\n<\/div><\/div><\/div><\/div><\/div>\n\n\n\n<div id=\"Arbeitsweise\" class=\"wp-block-getwid-section alignfull getwid-margin-top-none getwid-margin-bottom-none\"><div class=\"wp-block-getwid-section__wrapper getwid-padding-mobile-top-large getwid-padding-mobile-bottom-large getwid-margin-left-none getwid-margin-right-none\" style=\"padding-top:150px;padding-bottom:150px\"><div class=\"wp-block-getwid-section__inner-wrapper\"><div class=\"wp-block-getwid-section__background-holder\"><div class=\"wp-block-getwid-section__background has-background has-palette-color-1-background-color\"><\/div><div class=\"wp-block-getwid-section__foreground\"><\/div><\/div><div class=\"wp-block-getwid-section__content\"><div class=\"wp-block-getwid-section__inner-content\">\n<h2 class=\"has-text-align-center has-palette-color-5-color has-text-color\">Ein kurzer Einblick in meine Arbeitsweise<\/h2>\n\n\n\n<p class=\"has-text-align-center has-palette-color-5-color has-text-color\">Diagnostik und Therapie von  Sprach-, Sprech-, Stimm- und Schluckst\u00f6rungen<\/p>\n\n\n\n<div class=\"wp-block-getwid-advanced-spacer\" style=\"height:100px\" aria-hidden=\"true\"><\/div>\n\n\n\n<div class=\"wp-block-columns\">\n<div class=\"wp-block-column\">\n<div class=\"wp-block-getwid-icon-box has-text-center\"><div class=\"wp-block-getwid-icon-box__icon-container is-position-top\"><div class=\"wp-block-getwid-icon-box__icon-wrapper has-text-color has-palette-color-5-color\" style=\"font-size:40px;padding:0px\"><i class=\"fas fa-stethoscope\"><\/i><\/div><\/div><div class=\"wp-block-getwid-icon-box__content\">\n<h4 class=\"has-palette-color-5-color has-text-color\"><strong>Zuh\u00f6ren, Analysieren und Diagnostizieren<\/strong><\/h4>\n\n\n\n<p class=\"has-text-color\" style=\"color:#6c737d\"><span class=\"has-inline-color has-palette-color-4-color\">Defizite, Erkrankungen oder St\u00f6rungen des Sprechens sowie der Nahrungsaufnahme zu erkennen und zu diagnostizieren<\/span><\/p>\n<\/div><\/div>\n<\/div>\n\n\n\n<div class=\"wp-block-column\">\n<div class=\"wp-block-getwid-icon-box has-text-center\"><div class=\"wp-block-getwid-icon-box__icon-container is-position-top\"><div class=\"wp-block-getwid-icon-box__icon-wrapper has-text-color has-palette-color-5-color\" style=\"font-size:40px;padding:0px\"><i class=\"far fa-calendar-alt\"><\/i><\/div><\/div><div class=\"wp-block-getwid-icon-box__content\">\n<h4 class=\"has-palette-color-5-color has-text-color\"><strong>Therapiepl\u00e4ne erarbeiten und umsetzen<\/strong><\/h4>\n\n\n\n<p class=\"has-text-color\" style=\"color:#6c737d\"><span class=\"has-inline-color has-palette-color-4-color\">In Zusammenarbeit mit den jeweiligen \u00c4rzten f\u00fcr jeden Patienten einen individuellen Therapieplan zu erstellen und darauf aufzubauen<\/span><\/p>\n<\/div><\/div>\n<\/div>\n\n\n\n<div class=\"wp-block-column\">\n<div class=\"wp-block-getwid-icon-box has-text-center\"><div class=\"wp-block-getwid-icon-box__icon-container is-position-top\"><div class=\"wp-block-getwid-icon-box__icon-wrapper has-text-color has-palette-color-5-color\" style=\"font-size:40px;padding:0px\"><i class=\"far fa-comments\"><\/i><\/div><\/div><div class=\"wp-block-getwid-icon-box__content\">\n<h4 class=\"has-palette-color-5-color has-text-color\"><strong>Logop\u00e4den sind <\/strong><br><strong>Kommunikatoren<\/strong><\/h4>\n\n\n\n<p class=\"has-text-color\" style=\"color:#6c737d\"><span class=\"has-inline-color has-palette-color-4-color\">Sprechen k\u00f6nnen, verstehen k\u00f6nnen und auch verstanden werden, das ist Kommunikation und Kommunikation bestimmt unseren Alltag<\/span><\/p>\n<\/div><\/div>\n<\/div>\n<\/div>\n<\/div><\/div><\/div><\/div><\/div>\n\n\n\n<div id=\"Schwerpunkte\" class=\"wp-block-getwid-section alignfull getwid-margin-top-none getwid-margin-bottom-none getwid-section-content-custom-width\"><div class=\"wp-block-getwid-section__wrapper getwid-padding-mobile-top-large getwid-padding-mobile-bottom-large getwid-margin-left-none getwid-margin-right-none\" style=\"padding-top:150px;padding-bottom:150px\"><div class=\"wp-block-getwid-section__inner-wrapper\" style=\"max-width:710px\"><div class=\"wp-block-getwid-section__background-holder\"><div class=\"wp-block-getwid-section__background\"><\/div><div class=\"wp-block-getwid-section__foreground\"><\/div><\/div><div class=\"wp-block-getwid-section__content\"><div class=\"wp-block-getwid-section__inner-content\">\n<h2 class=\"has-text-align-center\">Meine Therapieschwerpunkte<\/h2>\n\n\n\n<ul><li>Stimm- und Schluckst\u00f6rungen bei Erwachsenen<\/li><li>Sprach-, Sprech-, und Schluckst\u00f6rungen bei Kindern<\/li><li>Stimmrehabilitation nach Kehlkopfentfernung<\/li><li>Kan\u00fclenmanagement<\/li><li>Gesichtsl\u00e4hmungen<\/li><li>Fr\u00fchkindliche Schluckst\u00f6rungen<\/li><li>Orofaziale Dysfunktion\/Myofunktionelle St\u00f6rung<\/li><\/ul>\n<\/div><\/div><\/div><\/div><\/div>\n\n\n\n<div id=\"About\" class=\"wp-block-getwid-section alignfull getwid-margin-top-none getwid-margin-bottom-none getwid-section-content-custom-width\"><div class=\"wp-block-getwid-section__wrapper getwid-padding-mobile-top-large getwid-padding-mobile-bottom-large getwid-margin-left-none getwid-margin-right-none\" style=\"padding-top:150px;padding-bottom:150px\"><div class=\"wp-block-getwid-section__inner-wrapper\" style=\"max-width:800px\"><div class=\"wp-block-getwid-section__background-holder\"><div class=\"wp-block-getwid-section__background has-background\" style=\"background-color:#eceded\"><\/div><div class=\"wp-block-getwid-section__foreground\"><\/div><\/div><div class=\"wp-block-getwid-section__content\"><div class=\"wp-block-getwid-section__inner-content\">\n<h2 class=\"has-text-align-center\">\u00dcber mich<\/h2>\n\n\n\n<p class=\"has-text-align-center has-medium-font-size\">Ich darf mich kurz vorstellen: Mein Name ist Theresa Schaur, ich bin in Pram aufgewachsen und wohne nun mit meinem Mann, unseren Kindern und unserem Hund in Taufkirchen an der Trattnach.<\/p>\n\n\n\n<p class=\"has-text-align-center has-medium-font-size\">Aufgrund des gro\u00dfen Interesses an Sprache und Kommunikation entschied ich mich f\u00fcr die Ausbildung zur Logop\u00e4din. Meine musikalische Ausbildung legte mir den Grundstein f\u00fcr ein differenziertes Wahrnehmen. Auch in die Gestaltung der Therapie, vor allem bei Stimmst\u00f6rungen, m\u00f6chte ich sie einflie\u00dfen lassen.<\/p>\n\n\n\n<p class=\"has-text-align-center has-medium-font-size\">Die Thematik Yoga besch\u00e4ftigte mich schon einige Jahre, vor allem die Freude an der Bewegung sowie die Anwendung von Atem- und Entspannungstechniken motivierten mich. Gerade durch meine Ausbildung zur Yogalehrerin wurde mein Bewusstsein f\u00fcr eine aktive und zugleich achtsame Lebensweise gesch\u00e4rft. Einige Themen aus dem Yoga spiegeln sich im therapeutischen Arbeiten wieder, wie etwa die Selbstreflexion und das Entwickeln neuer Denkans\u00e4tze.<\/p>\n\n\n\n<p class=\"has-text-align-center has-medium-font-size\">Eine fundierte Kenntnis \u00fcber die Physiologie s\u00e4mtlicher in der Logop\u00e4die relevanter Bewegungsabl\u00e4ufe ist f\u00fcr mich unerl\u00e4sslich. Meine T\u00e4tigkeit ist vor allem durch praxisbezogenes Arbeiten gekennzeichnet. Stets mit dem Ziel vor Augen werde ich Sie auf dem Weg zur verbesserten Lebensqualit\u00e4t begleiten.<\/p>\n<\/div><\/div><\/div><\/div><\/div>\n\n\n\n<div id=\"Ausbildung\" class=\"wp-block-getwid-section alignfull getwid-margin-top-none getwid-margin-bottom-none getwid-section-content-custom-width\"><div class=\"wp-block-getwid-section__wrapper getwid-padding-mobile-top-large getwid-padding-mobile-bottom-large getwid-margin-left-none getwid-margin-right-none\" style=\"padding-top:150px;padding-bottom:150px\"><div class=\"wp-block-getwid-section__inner-wrapper\" style=\"max-width:710px\"><div class=\"wp-block-getwid-section__background-holder\"><div class=\"wp-block-getwid-section__background\"><\/div><div class=\"wp-block-getwid-section__foreground\"><\/div><\/div><div class=\"wp-block-getwid-section__content\"><div class=\"wp-block-getwid-section__inner-content\">\n<div class=\"wp-block-columns\">\n<div class=\"wp-block-column\">\n<h2>Ausbildung<\/h2>\n\n\n\n<ul id=\"block-a146215f-897f-4228-8007-1b0bf3bceaef\"><li>2011 Matura am Musikgymnasium Linz<\/li><li>2014 Diplom an der FH Gesundheitsberufe Linz<\/li><li>Seit 2014 Logop\u00e4din im Klinikum Wels-Grieskirchen<\/li><li>2019 Ausbildung zur Yogalehrerin<\/li><li>2020 Beginn als Wahllogop\u00e4din mit Hausbesuchen<\/li><\/ul>\n<\/div>\n\n\n\n<div class=\"wp-block-column is-vertically-aligned-top\">\n<h2>Honorar<\/h2>\n\n\n\n<p>Als Wahllogop\u00e4din arbeite ich nach \u00e4rztlicher \u00dcberweisung und stelle nach den aktuellen Tarifempfehlungen Honorarnoten aus.<br>Je nach Versicherung bekommen Sie einen Kostenzuschuss. Die Therapieanzahl und -dauer richtet sich nach dem jeweiligen St\u00f6rungsbild.<\/p>\n<\/div>\n<\/div>\n<\/div><\/div><\/div><\/div><\/div>\n\n\n\n<div id=\"Kontakt\" class=\"wp-block-getwid-section alignfull getwid-section-content-custom-width\"><div class=\"wp-block-getwid-section__wrapper\" style=\"padding-top:150px;padding-bottom:75px\"><div class=\"wp-block-getwid-section__inner-wrapper\" style=\"max-width:1080px\"><div class=\"wp-block-getwid-section__background-holder\"><div class=\"wp-block-getwid-section__background has-background\" style=\"background-color:#eceded\"><\/div><div class=\"wp-block-getwid-section__foreground\"><\/div><\/div><div class=\"wp-block-getwid-section__content\"><div class=\"wp-block-getwid-section__inner-content\">\n<div class=\"wp-block-group\"><div class=\"wp-block-group__inner-container\"><\/div><\/div>\n\n\n\n<div class=\"wp-block-columns\">\n<div class=\"wp-block-column\">\n<figure class=\"wp-block-image size-large\"><img loading=\"lazy\" width=\"550\" height=\"178\" src=\"https:\/\/www.logop\u00e4die-schaur.at\/wp-content\/uploads\/2020\/08\/logo-550.png\" alt=\"\" class=\"wp-image-535\" srcset=\"https:\/\/www.logop\u00e4die-schaur.at\/wp-content\/uploads\/2020\/08\/logo-550.png 550w, https:\/\/www.logop\u00e4die-schaur.at\/wp-content\/uploads\/2020\/08\/logo-550-300x97.png 300w\" sizes=\"(max-width: 550px) 100vw, 550px\" \/><\/figure>\n<\/div>\n\n\n\n<div class=\"wp-block-column\">\n<h3><span class=\"has-inline-color has-palette-color-1-color\">Treten Sie mit mir in Kontakt<\/span><\/h3>\n\n\n\n<h5><strong><span class=\"has-inline-color has-palette-color-3-color\">Unter folgenden Kontaktdaten bin ich f\u00fcr Sie erreichbar.<\/span><\/strong><\/h5>\n\n\n\n<p>Theresa Schaur<br>Aich 61, 4715 Taufkirchen\/Tr.<br>+43 680 1111410<br>B\u00fcrozeiten: Mo &#8211; Fr, 8:00 &#8211; 17:00 Uhr<\/p>\n\n\n\n<h3><span class=\"has-inline-color has-palette-color-1-color\">info@logop\u00e4die-schaur.at<\/span><\/h3>\n<\/div>\n<\/div>\n\n\n\n<\/br>\n\n\n\n<iframe src=\"https:\/\/www.google.com\/maps\/embed?pb=!1m14!1m8!1m3!1d2657.0009481511597!2d13.74670798227845!3d48.24510918963915!3m2!1i1024!2i768!4f13.1!3m3!1m2!1s0x47747486d8df5ccf%3A0xb46397fb35b35d75!2sTherapiezentrum%20K%C3%B6rperschwung%20-%20Massage%2C%20Physiotherapie%2C%20Psychotherapie%2C%20...!5e0!3m2!1sde!2sat!4v1662712901291!5m2!1sde!2sat\" width=\"1100\" height=\"300\" style=\"border:0;\" allowfullscreen=\"\" referrerpolicy=\"no-referrer-when-downgrade\"><\/iframe>\n\n\n\n<\/br>\n<\/br>\n\n\n\n<hr class=\"wp-block-separator has-text-color has-background is-style-wide\" style=\"background-color:#d1d1d1;color:#d1d1d1\"\/>\n\n\n\n<p style=\"font-size:12px\">Impressum \u2013 Offenlegung laut Mediengesetz: Firma des Medieninhabers: Logop\u00e4die &#8211; Theresa Schaur, Sitz des Unternehmens: Ober\u00f6sterreich, Anschrift: Dietensam 13, 4715 Taufkirchen\/Tr., Betriebsinhaberin: Theresa Schaur, Verantwortliche &amp; Ansprechperson: Theresa Schaur, Kontaktdaten, wie bereits oben angef\u00fchrt. Bildnachweis \/ Copyright: \u00a9 Theresa Schaur, freepik.com<\/p>\n\n\n\n<p style=\"font-size:12px\">Cookie-Hinweis: Unsere Internetseite verwendet Cookies. Cookies sind kleine Textdateien, die beim Besuch einer Internetseite verschickt und auf der Festplatte des Nutzers der Website und\/oder Kunden zwischengespeichert werden. Wird der entsprechende Server unserer Webseite erneut vom Nutzer der Website und\/oder Kunden aufgerufen, sendet der Browser des Nutzers der Website und\/oder des Kunden den zuvor empfangenen Cookie wieder zur\u00fcck an den Server. Der Server kann dann die durch diese Prozedur erhaltenen Informationen auf verschiedene Arten auswerten. Durch Cookies k\u00f6nnen zB Werbeeinblendungen gesteuert oder das Navigieren auf einer Internetseite erleichtert werden. Wenn der Nutzer der Website und\/oder Kunde die Nutzung von Cookies unterbinden will, kann er dies durch lokale Vornahme der \u00c4nderungen seiner Einstellungen in dem auf seinem Computer verwendeten Internetbrowser, also dem Programm zum \u00d6ffnen und Anzeigen von Internetseiten (zB Internet Explorer, Mozilla Firefox, Opera oder Safari) tun. <\/p>\n\n\n\n<p style=\"font-size:12px\">Copyright \/ Haftungsausschluss: Im Hinblick auf die technischen Eigenschaften des Internet kann keine Gew\u00e4hr f\u00fcr die Authentizit\u00e4t, Richtigkeit und Vollst\u00e4ndigkeit der im Internet zur Verf\u00fcgung gestellten Informationen \u00fcbernommen werden. Es wird auch keine Gew\u00e4hr f\u00fcr die Verf\u00fcgbarkeit oder den Betrieb der gegenst\u00e4ndlichen Homepage und ihrer Inhalte \u00fcbernommen. Jede Haftung f\u00fcr unmittelbare, mittelbare oder sonstige Sch\u00e4den, unabh\u00e4ngig von deren Ursachen, die aus der Benutzung oder Nichtverf\u00fcgbarkeit der Daten und Informationen dieser Webseite erwachsen, wird, soweit rechtlich zul\u00e4ssig, ausgeschlossen. Der Inhalt dieser Webseite ist urheberrechtlich gesch\u00fctzt. Die Informationen sind nur f\u00fcr die pers\u00f6nliche Verwendung bestimmt. Jede weitergehende Nutzung insbesondere die Speicherung in Datenbanken, Vervielf\u00e4ltigung und jede Form von gewerblicher Nutzung sowie die Weitergabe an Dritte &#8211; auch in Teilen oder in \u00fcberarbeiteter Form &#8211; ohne Zustimmung des Website-Inhabers ist untersagt. Hyperlinks auf diese Seite sind willkommen. Jede Einbindung dieser Webseite in fremde Frames ist zu unterlassen.<\/p>\n<\/div><\/div><\/div><\/div><\/div>\n","protected":false},"excerpt":{"rendered":"","protected":false},"author":1,"featured_media":0,"parent":0,"menu_order":0,"comment_status":"closed","ping_status":"closed","template":"","meta":[],"blocksy_meta":{"page_title_panel":"","has_hero_section":"disabled","1fe444a30acb905569f4772fb1f007ef":"","hero_section":"type-1","hero_elements":[{"id":"custom_title","enabled":true,"heading_tag":"h1","title":"Home"},{"id":"custom_description","enabled":true,"description_visibility":{"desktop":true,"tablet":true,"mobile":false}},{"id":"custom_meta","enabled":true,"has_meta_avatar":"yes","single_meta_elements":{"author":false,"date":false,"categories":false,"comments":false,"updated":false,"tags":false},"page_meta_elements":{"joined":true,"articles_count":true,"comments":true}},{"id":"breadcrumbs","enabled":false}],"eae2a80b49fa5d94fe05e630a7c67cdc":"","hero_alignment1":"left","hero_alignment2":"center","hero_height":"230px","page_title_bg_type":"color","c25360755fdb72d7b1b40d955c9c9ff6":"","page_structure_type":"default","page_enable_vertical_spacing":"no","133db5885cde5f353a576d69570b5b43":"","disable_featured_image":"no","e40e0c06c5eef1625271b632a489e005":"","7259a82b6fd59a94f9175534f50258c4":"","hero_structure":"narrow","48d9a24e8d933a2ff9afbf52add61287":"","content_style":"inherit","vertical_spacing_source":"custom","content_area_spacing":"none","58ff0335e66bf47dbcf006a248521700":"","ca2292b74fb51baf59e527316cdba5e0":"","f8619ffa539f0a214d159465b594e185":"","hero_vertical_alignment":"center","eeb4fbb1e252cd75f5a509c1be4d8cd0":"","6d7493f80bfe2449ec87d3a85231362c":"","custom_hero_background":{"attachment_id":null},"parallax":{"desktop":false,"tablet":false,"mobile":false},"09955b31e10972e078fe6a2a480c01de":"","pageTitleFont":{"family":"Default","variation":"Default","letter-spacing":"CT_CSS_SKIP_RULE","text-transform":"CT_CSS_SKIP_RULE","text-decoration":"CT_CSS_SKIP_RULE","size":{"desktop":"32px","tablet":"30px","mobile":"25px"},"line-height":"1.3"},"pageTitleFontColor":{"default":{"color":"CT_CSS_SKIP_RULEDEFAULT"}},"pageMetaFont":{"family":"Default","variation":"n6","line-height":"1.3","letter-spacing":"CT_CSS_SKIP_RULE","text-transform":"uppercase","text-decoration":"CT_CSS_SKIP_RULE","size":{"desktop":"12px","tablet":"12px","mobile":"12px"}},"pageMetaFontColor":{"default":{"color":"CT_CSS_SKIP_RULEDEFAULT"},"hover":{"color":"CT_CSS_SKIP_RULEDEFAULT"}},"pageExcerptFont":{"family":"Default","size":"CT_CSS_SKIP_RULE","line-height":"CT_CSS_SKIP_RULE","letter-spacing":"CT_CSS_SKIP_RULE","text-transform":"CT_CSS_SKIP_RULE","text-decoration":"CT_CSS_SKIP_RULE","variation":"n5"},"pageExcerptColor":{"default":{"color":"CT_CSS_SKIP_RULEDEFAULT"}},"breadcrumbsFont":{"family":"Default","variation":"n6","size":"12px","line-height":"CT_CSS_SKIP_RULE","letter-spacing":"CT_CSS_SKIP_RULE","text-transform":"uppercase","text-decoration":"CT_CSS_SKIP_RULE"},"breadcrumbsFontColor":{"default":{"color":"CT_CSS_SKIP_RULEDEFAULT"},"initial":{"color":"CT_CSS_SKIP_RULEDEFAULT"},"hover":{"color":"CT_CSS_SKIP_RULEDEFAULT"}},"pageTitleOverlay":{"default":{"color":"rgba(41, 51, 60, 0.2)"}},"pageTitleBackground":{"background_type":"color","background_pattern":"type-1","background_repeat":"no-repeat","background_size":"auto","background_attachment":"scroll","background_image":{"attachment_id":null,"x":0,"y":0},"patternColor":{"default":{"color":"#e5e7ea"}},"backgroundColor":{"default":{"color":"#EDEFF2"}}},"a0bdc0984dc57350894e1658cfbbd8a7":"","background":{"background_type":"color","background_pattern":"type-1","background_repeat":"no-repeat","background_size":"auto","background_attachment":"scroll","background_image":{"attachment_id":null,"x":0,"y":0},"patternColor":{"default":{"color":"#e5e7ea"}},"backgroundColor":{"default":{"color":"CT_CSS_SKIP_RULE"}}},"content_background":{"background_type":"color","background_pattern":"type-1","background_repeat":"no-repeat","background_size":"auto","background_attachment":"scroll","background_image":{"attachment_id":null,"x":0,"y":0},"patternColor":{"default":{"color":"#e5e7ea"}},"backgroundColor":{"default":{"color":"#ffffff"}}},"content_boxed_spacing":{"desktop":"40px","tablet":"35px","mobile":"20px"},"content_boxed_radius":{"top":"3px","bottom":"3px","left":"3px","right":"3px","linked":true},"content_boxed_shadow":{"blur":18,"spread":-6,"v_offset":12,"h_offset":0,"inset":false,"enable":true,"color":{"color":"rgba(34, 56, 101, 0.04)"}},"fb39a379c6084227b010dac87ec64876":"","disable_footer":"no","disable_header":"no"},"aioseo_notices":[],"_links":{"self":[{"href":"https:\/\/www.logop\u00e4die-schaur.at\/index.php?rest_route=\/wp\/v2\/pages\/7"}],"collection":[{"href":"https:\/\/www.logop\u00e4die-schaur.at\/index.php?rest_route=\/wp\/v2\/pages"}],"about":[{"href":"https:\/\/www.logop\u00e4die-schaur.at\/index.php?rest_route=\/wp\/v2\/types\/page"}],"author":[{"embeddable":true,"href":"https:\/\/www.logop\u00e4die-schaur.at\/index.php?rest_route=\/wp\/v2\/users\/1"}],"replies":[{"embeddable":true,"href":"https:\/\/www.logop\u00e4die-schaur.at\/index.php?rest_route=%2Fwp%2Fv2%2Fcomments&post=7"}],"version-history":[{"count":57,"href":"https:\/\/www.logop\u00e4die-schaur.at\/index.php?rest_route=\/wp\/v2\/pages\/7\/revisions"}],"predecessor-version":[{"id":610,"href":"https:\/\/www.logop\u00e4die-schaur.at\/index.php?rest_route=\/wp\/v2\/pages\/7\/revisions\/610"}],"wp:attachment":[{"href":"https:\/\/www.logop\u00e4die-schaur.at\/index.php?rest_route=%2Fwp%2Fv2%2Fmedia&parent=7"}],"curies":[{"name":"wp","href":"https:\/\/api.w.org\/{rel}","templated":true}]}}